{"id":1194,"date":"2018-10-21T10:43:09","date_gmt":"2018-10-21T08:43:09","guid":{"rendered":"https:\/\/www.navigo-kajaki.pl\/home"},"modified":"2026-04-22T13:47:41","modified_gmt":"2026-04-22T11:47:41","slug":"home","status":"publish","type":"page","link":"https:\/\/www.navigo-kajaki.pl\/de","title":{"rendered":"Startseite"},"content":{"rendered":"\n<h4 class=\"wp-block-heading\">Wassersportausr\u00fcstung direkt vom Hersteller<\/h4>\n\n<p>Suchen Sie Wassersportausr\u00fcstung f\u00fcr Freizeitaktivit\u00e4ten, zum Angeln oder f\u00fcr den professionellen Einsatz? Betreiben Sie ein Ferienzentrum, ein Hotel oder einen Wassersportverleih? Navigo bietet eine gro\u00dfe Auswahl an Wassersportausr\u00fcstung, mit der Sie Ihre Zeit auf Seen, Teichen und anderen Gew\u00e4ssern aktiv gestalten k\u00f6nnen. Unser Angebot richtet sich sowohl an Privatkunden als auch an Gesch\u00e4ftskunden, die den Aufenthalt ihrer G\u00e4ste attraktiver gestalten m\u00f6chten, indem sie ihnen sichere Wassersportausr\u00fcstung f\u00fcr Aktivit\u00e4ten auf dem Wasser anbieten.  <\/p>\n\n<h4 class=\"wp-block-heading\">Polnischer Hersteller von Wassersportausr\u00fcstung<\/h4>\n\n<p>Navigo ist ein renommierter polnischer Hersteller von Wassersportausr\u00fcstung mit Sitz in Lipusz, der seit 1994 auf dem Markt t\u00e4tig ist. Seit unserer Gr\u00fcndung sind wir ein Privatunternehmen und sind in der Branche f\u00fcr Glasfaser-Polyester-Laminate als Hersteller von Freizeitbooten t\u00e4tig. Alle unsere Produkte sind auf Sicherheit, Komfort und vor allem auf Spa\u00df auf dem Wasser ausgelegt.  <\/p>\n\n<p>Wir verwenden Materialien von h\u00f6chster Qualit\u00e4t, wodurch sich unsere Wassersportausr\u00fcstung durch Zuverl\u00e4ssigkeit, farbechte Oberfl\u00e4chen und eine ansprechende Verarbeitung auszeichnet. Unsere Produkte richten sich an Amateure und Profis, Ferien- und Agrotourismuszentren, Pensionen sowie alle Arten von Wassersportverleihbetrieben. <\/p>\n\n<h4 class=\"wp-block-heading\">Das Angebot an Wassersportausr\u00fcstung von Navigo<\/h4>\n\n<p>Unser Angebot an Freizeit-Wasserfahrzeugen umfasst:<\/p>\n\n<h4 class=\"wp-block-heading\">Wasserfahrr\u00e4der zu verkaufen<\/h4>\n\n<p>Sowohl f\u00fcr Familien als auch f\u00fcr Betreiber von Ferienanlagen bieten wir hochwertige und sichere <a href=\"https:\/\/www.navigo-kajaki.pl\/rowery-wodne\">Tretboote<\/a> an:<\/p>\n\n<ul class=\"wp-block-list\">\n<li>klein \u2013 ideal f\u00fcr einen ruhigen und erholsamen Aufenthalt auf dem Wasser<\/li>\n\n\n\n<li>gro\u00df \u2013 ideal f\u00fcr gr\u00f6\u00dfere Gruppen und den gewerblichen Einsatz (4\u20136 Personen)<\/li>\n\n\n\n<li>Multifunktional \u2013 mit Planschbecken f\u00fcr Kinder, Rutsche oder Terrasse.<\/li>\n<\/ul>\n\n<h4 class=\"wp-block-heading\">Ruderboote zu verkaufen<\/h4>\n\n<p>Als Hersteller von Wassersportausr\u00fcstung bieten wir moderne <a href=\"https:\/\/www.navigo-kajaki.pl\/lodzie-wioslowe\">Ruder- und Motorboote<\/a> an, die sich sowohl f\u00fcr den privaten als auch f\u00fcr den professionellen Einsatz hervorragend eignen. In unserem Angebot: <\/p>\n\n<ul class=\"wp-block-list\">\n<li>Ruderboote \u2013 ideal f\u00fcr das Freizeitrudern,<\/li>\n\n\n\n<li>Ruder- und Motorboote \u2013 f\u00fcr 4 und 5 Personen, ideal f\u00fcr Wassersport,<\/li>\n\n\n\n<li>Holzboote \u2013 speziell f\u00fcr Anf\u00e4nger und erfahrene Angler,<\/li>\n\n\n\n<li>Rettungsboote \u2013 ideal zur Absicherung von Badestellen und Meeresgew\u00e4ssern.<\/li>\n<\/ul>\n\n<h4 class=\"wp-block-heading\">Kayaks<\/h4>\n\n<p>Unser <a href=\"https:\/\/www.navigo-kajaki.pl\/producent-kajakow\">Kajakangebot<\/a> ist die perfekte Wahl f\u00fcr alle, die einen aktiven Urlaub auf dem Wasser lieben. Wir stellen her: <\/p>\n\n<ul class=\"wp-block-list\">\n<li>Ein- und Zweierkajaks \u2013 Polyester-Kajaks, ideal f\u00fcr Touren,<\/li>\n\n\n\n<li>Touren- und Freizeitkajaks, darunter 2+1-Familienkajaks,<\/li>\n\n\n\n<li>Kanu \u2013 leicht und wendig, f\u00fcr 2\u20134 Personen, geeignet f\u00fcr l\u00e4ngere Touren auf Fl\u00fcssen und Seen.<\/li>\n<\/ul>\n\n<h4 class=\"wp-block-heading\">Bootsanh\u00e4nger<\/h4>\n\n<p>Um den Transport von Wassersportausr\u00fcstung zu erleichtern, stellen wir <a href=\"https:\/\/www.navigo-kajaki.pl\/producent-przyczep-podlodziowych\">Bootsanh\u00e4nger<\/a> her, darunter:<\/p>\n\n<ul class=\"wp-block-list\">\n<li>Anh\u00e4nger mit Typgenehmigung,<\/li>\n\n\n\n<li>Anh\u00e4nger f\u00fcr den Transport von Kanus und Booten,<\/li>\n\n\n\n<li>Anh\u00e4nger f\u00fcr den Transport von Fahrr\u00e4dern und Jetskis.<\/li>\n<\/ul>\n\n<h4 class=\"wp-block-heading\">Zubeh\u00f6r f\u00fcr Wassersportausr\u00fcstung<\/h4>\n\n<p>Wir bieten auch leichte Paddel, Schwimmwesten und viele weitere unverzichtbare Accessoires an.<\/p>\n\n<h4 class=\"wp-block-heading\">Gebrauchte Wassersportausr\u00fcstung<\/h4>\n\n<p>Bei uns k\u00f6nnen Sie auch gebrauchte <a href=\"https:\/\/www.navigo-kajaki.pl\/de\/gebrauchte-wassersportausruestung\">Wassersportausr\u00fcstung<\/a> erwerben, die von unseren Mitarbeitern auf Sicherheit, Wartungszustand und optische Qualit\u00e4t gepr\u00fcft wurde.<\/p>\n\n<p>Unsere Produkte werden seit Jahren von Privatkunden, Ferienanlagen, Pensionen, Hotels und Verleihfirmen f\u00fcr Wassersportausr\u00fcstung gesch\u00e4tzt. Wir laden Sie ein, sich mit unserem Sortiment vertraut zu machen und Wassersportausr\u00fcstung eines polnischen Herstellers auszuw\u00e4hlen.<\/p>\n","protected":false},"excerpt":{"rendered":"<p>Wassersportausr\u00fcstung direkt vom Hersteller Suchen Sie Wassersportausr\u00fcstung f\u00fcr Freizeitaktivit\u00e4ten, zum Angeln oder f\u00fcr den professionellen Einsatz? Betreiben Sie ein Ferienzentrum, ein Hotel oder einen Wassersportverleih? Navigo bietet eine gro\u00dfe Auswahl an Wassersportausr\u00fcstung, mit der Sie Ihre Zeit auf Seen, Teichen und anderen Gew\u00e4ssern aktiv gestalten k\u00f6nnen. Unser Angebot richtet sich sowohl an Privatkunden als auch [&hellip;]<\/p>\n","protected":false},"author":1,"featured_media":0,"parent":0,"menu_order":0,"comment_status":"closed","ping_status":"closed","template":"","meta":{"_acf_changed":false,"footnotes":""},"class_list":["post-1194","page","type-page","status-publish","hentry"],"acf":[],"yoast_head":"<!-- This site is optimized with the Yoast SEO plugin v27.4 - https:\/\/yoast.com\/product\/yoast-seo-wordpress\/ -->\n<title>HERSTELLER VON WASSERSPORTGER\u00c4TEN: Kajaks, Fahrr\u00e4der, Boote zu verkaufen | Navigo Kajaks<\/title>\n<meta name=\"description\" content=\"Navigo Kajaki producent rower\u00f3w wodnych \u0142odzi wios\u0142owych, zapraszamy na sp\u0142ywy kajakowe Wd\u0105 z Lipusza :-)\" \/>\n<meta name=\"robots\" content=\"index, follow, max-snippet:-1, max-image-preview:large, max-video-preview:-1\" \/>\n<link rel=\"canonical\" href=\"https:\/\/www.navigo-kajaki.pl\/de\" \/>\n<meta property=\"og:locale\" content=\"de_DE\" \/>\n<meta property=\"og:type\" content=\"article\" \/>\n<meta property=\"og:title\" content=\"HERSTELLER VON WASSERSPORTGER\u00c4TEN: Kajaks, Fahrr\u00e4der, Boote zu verkaufen | Navigo Kajaks\" \/>\n<meta property=\"og:description\" content=\"Navigo Kajaki producent rower\u00f3w wodnych \u0142odzi wios\u0142owych, zapraszamy na sp\u0142ywy kajakowe Wd\u0105 z Lipusza :-)\" \/>\n<meta property=\"og:url\" content=\"https:\/\/www.navigo-kajaki.pl\/de\" \/>\n<meta property=\"og:site_name\" content=\"Rowery wodne producent kajak\u00f3w \u0142odzi wios\u0142owych | Navigo Kajaki Lipusz\" \/>\n<meta property=\"article:modified_time\" content=\"2026-04-22T11:47:41+00:00\" \/>\n<meta name=\"twitter:card\" content=\"summary_large_image\" \/>\n<script type=\"application\/ld+json\" class=\"yoast-schema-graph\">{\"@context\":\"https:\\\/\\\/schema.org\",\"@graph\":[{\"@type\":\"WebPage\",\"@id\":\"https:\\\/\\\/www.navigo-kajaki.pl\\\/de\",\"url\":\"https:\\\/\\\/www.navigo-kajaki.pl\\\/de\",\"name\":\"HERSTELLER VON WASSERSPORTGER\u00c4TEN: Kajaks, Fahrr\u00e4der, Boote zu verkaufen | Navigo Kajaks\",\"isPartOf\":{\"@id\":\"https:\\\/\\\/www.navigo-kajaki.pl\\\/de\\\/#website\"},\"datePublished\":\"2018-10-21T08:43:09+00:00\",\"dateModified\":\"2026-04-22T11:47:41+00:00\",\"description\":\"Navigo Kajaki producent rower\u00f3w wodnych \u0142odzi wios\u0142owych, zapraszamy na sp\u0142ywy kajakowe Wd\u0105 z Lipusza :-)\",\"breadcrumb\":{\"@id\":\"https:\\\/\\\/www.navigo-kajaki.pl\\\/de#breadcrumb\"},\"inLanguage\":\"de\",\"potentialAction\":[{\"@type\":\"ReadAction\",\"target\":[\"https:\\\/\\\/www.navigo-kajaki.pl\\\/de\"]}]},{\"@type\":\"BreadcrumbList\",\"@id\":\"https:\\\/\\\/www.navigo-kajaki.pl\\\/de#breadcrumb\",\"itemListElement\":[{\"@type\":\"ListItem\",\"position\":1,\"name\":\"Home\",\"item\":\"https:\\\/\\\/www.navigo-kajaki.pl\\\/de\"},{\"@type\":\"ListItem\",\"position\":2,\"name\":\"Startseite\"}]},{\"@type\":\"WebSite\",\"@id\":\"https:\\\/\\\/www.navigo-kajaki.pl\\\/de\\\/#website\",\"url\":\"https:\\\/\\\/www.navigo-kajaki.pl\\\/de\\\/\",\"name\":\"Rowery wodne producent kajak\u00f3w \u0142odzi wios\u0142owych | Navigo Kajaki Lipusz\",\"description\":\"\",\"publisher\":{\"@id\":\"https:\\\/\\\/www.navigo-kajaki.pl\\\/de\\\/#organization\"},\"potentialAction\":[{\"@type\":\"SearchAction\",\"target\":{\"@type\":\"EntryPoint\",\"urlTemplate\":\"https:\\\/\\\/www.navigo-kajaki.pl\\\/de\\\/?s={search_term_string}\"},\"query-input\":{\"@type\":\"PropertyValueSpecification\",\"valueRequired\":true,\"valueName\":\"search_term_string\"}}],\"inLanguage\":\"de\"},{\"@type\":\"Organization\",\"@id\":\"https:\\\/\\\/www.navigo-kajaki.pl\\\/de\\\/#organization\",\"name\":\"Navigo Kajaki\",\"url\":\"https:\\\/\\\/www.navigo-kajaki.pl\\\/de\\\/\",\"logo\":{\"@type\":\"ImageObject\",\"inLanguage\":\"de\",\"@id\":\"https:\\\/\\\/www.navigo-kajaki.pl\\\/de\\\/#\\\/schema\\\/logo\\\/image\\\/\",\"url\":\"https:\\\/\\\/www.navigo-kajaki.pl\\\/wp-content\\\/uploads\\\/2020\\\/03\\\/logo_318x200.png\",\"contentUrl\":\"https:\\\/\\\/www.navigo-kajaki.pl\\\/wp-content\\\/uploads\\\/2020\\\/03\\\/logo_318x200.png\",\"width\":318,\"height\":200,\"caption\":\"Navigo Kajaki\"},\"image\":{\"@id\":\"https:\\\/\\\/www.navigo-kajaki.pl\\\/de\\\/#\\\/schema\\\/logo\\\/image\\\/\"}}]}<\/script>\n<!-- \/ Yoast SEO plugin. -->","yoast_head_json":{"title":"HERSTELLER VON WASSERSPORTGER\u00c4TEN: Kajaks, Fahrr\u00e4der, Boote zu verkaufen | Navigo Kajaks","description":"Navigo Kajaki producent rower\u00f3w wodnych \u0142odzi wios\u0142owych, zapraszamy na sp\u0142ywy kajakowe Wd\u0105 z Lipusza :-)","robots":{"index":"index","follow":"follow","max-snippet":"max-snippet:-1","max-image-preview":"max-image-preview:large","max-video-preview":"max-video-preview:-1"},"canonical":"https:\/\/www.navigo-kajaki.pl\/de","og_locale":"de_DE","og_type":"article","og_title":"HERSTELLER VON WASSERSPORTGER\u00c4TEN: Kajaks, Fahrr\u00e4der, Boote zu verkaufen | Navigo Kajaks","og_description":"Navigo Kajaki producent rower\u00f3w wodnych \u0142odzi wios\u0142owych, zapraszamy na sp\u0142ywy kajakowe Wd\u0105 z Lipusza :-)","og_url":"https:\/\/www.navigo-kajaki.pl\/de","og_site_name":"Rowery wodne producent kajak\u00f3w \u0142odzi wios\u0142owych | Navigo Kajaki Lipusz","article_modified_time":"2026-04-22T11:47:41+00:00","twitter_card":"summary_large_image","schema":{"@context":"https:\/\/schema.org","@graph":[{"@type":"WebPage","@id":"https:\/\/www.navigo-kajaki.pl\/de","url":"https:\/\/www.navigo-kajaki.pl\/de","name":"HERSTELLER VON WASSERSPORTGER\u00c4TEN: Kajaks, Fahrr\u00e4der, Boote zu verkaufen | Navigo Kajaks","isPartOf":{"@id":"https:\/\/www.navigo-kajaki.pl\/de\/#website"},"datePublished":"2018-10-21T08:43:09+00:00","dateModified":"2026-04-22T11:47:41+00:00","description":"Navigo Kajaki producent rower\u00f3w wodnych \u0142odzi wios\u0142owych, zapraszamy na sp\u0142ywy kajakowe Wd\u0105 z Lipusza :-)","breadcrumb":{"@id":"https:\/\/www.navigo-kajaki.pl\/de#breadcrumb"},"inLanguage":"de","potentialAction":[{"@type":"ReadAction","target":["https:\/\/www.navigo-kajaki.pl\/de"]}]},{"@type":"BreadcrumbList","@id":"https:\/\/www.navigo-kajaki.pl\/de#breadcrumb","itemListElement":[{"@type":"ListItem","position":1,"name":"Home","item":"https:\/\/www.navigo-kajaki.pl\/de"},{"@type":"ListItem","position":2,"name":"Startseite"}]},{"@type":"WebSite","@id":"https:\/\/www.navigo-kajaki.pl\/de\/#website","url":"https:\/\/www.navigo-kajaki.pl\/de\/","name":"Rowery wodne producent kajak\u00f3w \u0142odzi wios\u0142owych | Navigo Kajaki Lipusz","description":"","publisher":{"@id":"https:\/\/www.navigo-kajaki.pl\/de\/#organization"},"potentialAction":[{"@type":"SearchAction","target":{"@type":"EntryPoint","urlTemplate":"https:\/\/www.navigo-kajaki.pl\/de\/?s={search_term_string}"},"query-input":{"@type":"PropertyValueSpecification","valueRequired":true,"valueName":"search_term_string"}}],"inLanguage":"de"},{"@type":"Organization","@id":"https:\/\/www.navigo-kajaki.pl\/de\/#organization","name":"Navigo Kajaki","url":"https:\/\/www.navigo-kajaki.pl\/de\/","logo":{"@type":"ImageObject","inLanguage":"de","@id":"https:\/\/www.navigo-kajaki.pl\/de\/#\/schema\/logo\/image\/","url":"https:\/\/www.navigo-kajaki.pl\/wp-content\/uploads\/2020\/03\/logo_318x200.png","contentUrl":"https:\/\/www.navigo-kajaki.pl\/wp-content\/uploads\/2020\/03\/logo_318x200.png","width":318,"height":200,"caption":"Navigo Kajaki"},"image":{"@id":"https:\/\/www.navigo-kajaki.pl\/de\/#\/schema\/logo\/image\/"}}]}},"_links":{"self":[{"href":"https:\/\/www.navigo-kajaki.pl\/de\/wp-json\/wp\/v2\/pages\/1194","targetHints":{"allow":["GET"]}}],"collection":[{"href":"https:\/\/www.navigo-kajaki.pl\/de\/wp-json\/wp\/v2\/pages"}],"about":[{"href":"https:\/\/www.navigo-kajaki.pl\/de\/wp-json\/wp\/v2\/types\/page"}],"author":[{"embeddable":true,"href":"https:\/\/www.navigo-kajaki.pl\/de\/wp-json\/wp\/v2\/users\/1"}],"replies":[{"embeddable":true,"href":"https:\/\/www.navigo-kajaki.pl\/de\/wp-json\/wp\/v2\/comments?post=1194"}],"version-history":[{"count":5,"href":"https:\/\/www.navigo-kajaki.pl\/de\/wp-json\/wp\/v2\/pages\/1194\/revisions"}],"predecessor-version":[{"id":9212,"href":"https:\/\/www.navigo-kajaki.pl\/de\/wp-json\/wp\/v2\/pages\/1194\/revisions\/9212"}],"wp:attachment":[{"href":"https:\/\/www.navigo-kajaki.pl\/de\/wp-json\/wp\/v2\/media?parent=1194"}],"curies":[{"name":"wp","href":"https:\/\/api.w.org\/{rel}","templated":true}]}}