{"id":1804,"date":"2019-09-12T14:10:04","date_gmt":"2019-09-12T12:10:04","guid":{"rendered":"https:\/\/www.navigo-kajaki.pl\/sprzet-wodny"},"modified":"2019-09-12T14:11:15","modified_gmt":"2019-09-12T12:11:15","slug":"wasserausruestung","status":"publish","type":"page","link":"https:\/\/www.navigo-kajaki.pl\/de\/wasserausruestung","title":{"rendered":"Wasserausr\u00fcstung"},"content":{"rendered":"","protected":false},"excerpt":{"rendered":"","protected":false},"author":1,"featured_media":0,"parent":0,"menu_order":0,"comment_status":"closed","ping_status":"closed","template":"page-templates\/sprzet-wodny.php","meta":{"_acf_changed":false,"footnotes":""},"class_list":["post-1804","page","type-page","status-publish","hentry"],"acf":[],"yoast_head":"<!-- This site is optimized with the Yoast SEO plugin v27.4 - https:\/\/yoast.com\/product\/yoast-seo-wordpress\/ -->\n<title>Wasserausr\u00fcstung - Rowery wodne producent kajak\u00f3w \u0142odzi wios\u0142owych | Navigo Kajaki Lipusz<\/title>\n<meta name=\"robots\" content=\"index, follow, max-snippet:-1, max-image-preview:large, max-video-preview:-1\" \/>\n<link rel=\"canonical\" href=\"https:\/\/www.navigo-kajaki.pl\/de\/wasserausruestung\" \/>\n<meta property=\"og:locale\" content=\"de_DE\" \/>\n<meta property=\"og:type\" content=\"article\" \/>\n<meta property=\"og:title\" content=\"Wasserausr\u00fcstung - Rowery wodne producent kajak\u00f3w \u0142odzi wios\u0142owych | Navigo Kajaki Lipusz\" \/>\n<meta property=\"og:url\" content=\"https:\/\/www.navigo-kajaki.pl\/de\/wasserausruestung\" \/>\n<meta property=\"og:site_name\" content=\"Rowery wodne producent kajak\u00f3w \u0142odzi wios\u0142owych | Navigo Kajaki Lipusz\" \/>\n<meta property=\"article:modified_time\" content=\"2019-09-12T12:11:15+00:00\" \/>\n<meta name=\"twitter:card\" content=\"summary_large_image\" \/>\n<script type=\"application\/ld+json\" class=\"yoast-schema-graph\">{\"@context\":\"https:\\\/\\\/schema.org\",\"@graph\":[{\"@type\":\"WebPage\",\"@id\":\"https:\\\/\\\/www.navigo-kajaki.pl\\\/de\\\/wasserausruestung\",\"url\":\"https:\\\/\\\/www.navigo-kajaki.pl\\\/de\\\/wasserausruestung\",\"name\":\"Wasserausr\u00fcstung - Rowery wodne producent kajak\u00f3w \u0142odzi wios\u0142owych | Navigo Kajaki Lipusz\",\"isPartOf\":{\"@id\":\"https:\\\/\\\/www.navigo-kajaki.pl\\\/de\\\/#website\"},\"datePublished\":\"2019-09-12T12:10:04+00:00\",\"dateModified\":\"2019-09-12T12:11:15+00:00\",\"breadcrumb\":{\"@id\":\"https:\\\/\\\/www.navigo-kajaki.pl\\\/de\\\/wasserausruestung#breadcrumb\"},\"inLanguage\":\"de\",\"potentialAction\":[{\"@type\":\"ReadAction\",\"target\":[\"https:\\\/\\\/www.navigo-kajaki.pl\\\/de\\\/wasserausruestung\"]}]},{\"@type\":\"BreadcrumbList\",\"@id\":\"https:\\\/\\\/www.navigo-kajaki.pl\\\/de\\\/wasserausruestung#breadcrumb\",\"itemListElement\":[{\"@type\":\"ListItem\",\"position\":1,\"name\":\"Home\",\"item\":\"https:\\\/\\\/www.navigo-kajaki.pl\\\/de\"},{\"@type\":\"ListItem\",\"position\":2,\"name\":\"Wasserausr\u00fcstung\"}]},{\"@type\":\"WebSite\",\"@id\":\"https:\\\/\\\/www.navigo-kajaki.pl\\\/de\\\/#website\",\"url\":\"https:\\\/\\\/www.navigo-kajaki.pl\\\/de\\\/\",\"name\":\"Rowery wodne producent kajak\u00f3w \u0142odzi wios\u0142owych | Navigo Kajaki Lipusz\",\"description\":\"\",\"publisher\":{\"@id\":\"https:\\\/\\\/www.navigo-kajaki.pl\\\/de\\\/#organization\"},\"potentialAction\":[{\"@type\":\"SearchAction\",\"target\":{\"@type\":\"EntryPoint\",\"urlTemplate\":\"https:\\\/\\\/www.navigo-kajaki.pl\\\/de\\\/?s={search_term_string}\"},\"query-input\":{\"@type\":\"PropertyValueSpecification\",\"valueRequired\":true,\"valueName\":\"search_term_string\"}}],\"inLanguage\":\"de\"},{\"@type\":\"Organization\",\"@id\":\"https:\\\/\\\/www.navigo-kajaki.pl\\\/de\\\/#organization\",\"name\":\"Navigo Kajaki\",\"url\":\"https:\\\/\\\/www.navigo-kajaki.pl\\\/de\\\/\",\"logo\":{\"@type\":\"ImageObject\",\"inLanguage\":\"de\",\"@id\":\"https:\\\/\\\/www.navigo-kajaki.pl\\\/de\\\/#\\\/schema\\\/logo\\\/image\\\/\",\"url\":\"https:\\\/\\\/www.navigo-kajaki.pl\\\/wp-content\\\/uploads\\\/2020\\\/03\\\/logo_318x200.png\",\"contentUrl\":\"https:\\\/\\\/www.navigo-kajaki.pl\\\/wp-content\\\/uploads\\\/2020\\\/03\\\/logo_318x200.png\",\"width\":318,\"height\":200,\"caption\":\"Navigo Kajaki\"},\"image\":{\"@id\":\"https:\\\/\\\/www.navigo-kajaki.pl\\\/de\\\/#\\\/schema\\\/logo\\\/image\\\/\"}}]}<\/script>\n<!-- \/ Yoast SEO plugin. -->","yoast_head_json":{"title":"Wasserausr\u00fcstung - Rowery wodne producent kajak\u00f3w \u0142odzi wios\u0142owych | Navigo Kajaki Lipusz","robots":{"index":"index","follow":"follow","max-snippet":"max-snippet:-1","max-image-preview":"max-image-preview:large","max-video-preview":"max-video-preview:-1"},"canonical":"https:\/\/www.navigo-kajaki.pl\/de\/wasserausruestung","og_locale":"de_DE","og_type":"article","og_title":"Wasserausr\u00fcstung - Rowery wodne producent kajak\u00f3w \u0142odzi wios\u0142owych | Navigo Kajaki Lipusz","og_url":"https:\/\/www.navigo-kajaki.pl\/de\/wasserausruestung","og_site_name":"Rowery wodne producent kajak\u00f3w \u0142odzi wios\u0142owych | Navigo Kajaki Lipusz","article_modified_time":"2019-09-12T12:11:15+00:00","twitter_card":"summary_large_image","schema":{"@context":"https:\/\/schema.org","@graph":[{"@type":"WebPage","@id":"https:\/\/www.navigo-kajaki.pl\/de\/wasserausruestung","url":"https:\/\/www.navigo-kajaki.pl\/de\/wasserausruestung","name":"Wasserausr\u00fcstung - Rowery wodne producent kajak\u00f3w \u0142odzi wios\u0142owych | Navigo Kajaki Lipusz","isPartOf":{"@id":"https:\/\/www.navigo-kajaki.pl\/de\/#website"},"datePublished":"2019-09-12T12:10:04+00:00","dateModified":"2019-09-12T12:11:15+00:00","breadcrumb":{"@id":"https:\/\/www.navigo-kajaki.pl\/de\/wasserausruestung#breadcrumb"},"inLanguage":"de","potentialAction":[{"@type":"ReadAction","target":["https:\/\/www.navigo-kajaki.pl\/de\/wasserausruestung"]}]},{"@type":"BreadcrumbList","@id":"https:\/\/www.navigo-kajaki.pl\/de\/wasserausruestung#breadcrumb","itemListElement":[{"@type":"ListItem","position":1,"name":"Home","item":"https:\/\/www.navigo-kajaki.pl\/de"},{"@type":"ListItem","position":2,"name":"Wasserausr\u00fcstung"}]},{"@type":"WebSite","@id":"https:\/\/www.navigo-kajaki.pl\/de\/#website","url":"https:\/\/www.navigo-kajaki.pl\/de\/","name":"Rowery wodne producent kajak\u00f3w \u0142odzi wios\u0142owych | Navigo Kajaki Lipusz","description":"","publisher":{"@id":"https:\/\/www.navigo-kajaki.pl\/de\/#organization"},"potentialAction":[{"@type":"SearchAction","target":{"@type":"EntryPoint","urlTemplate":"https:\/\/www.navigo-kajaki.pl\/de\/?s={search_term_string}"},"query-input":{"@type":"PropertyValueSpecification","valueRequired":true,"valueName":"search_term_string"}}],"inLanguage":"de"},{"@type":"Organization","@id":"https:\/\/www.navigo-kajaki.pl\/de\/#organization","name":"Navigo Kajaki","url":"https:\/\/www.navigo-kajaki.pl\/de\/","logo":{"@type":"ImageObject","inLanguage":"de","@id":"https:\/\/www.navigo-kajaki.pl\/de\/#\/schema\/logo\/image\/","url":"https:\/\/www.navigo-kajaki.pl\/wp-content\/uploads\/2020\/03\/logo_318x200.png","contentUrl":"https:\/\/www.navigo-kajaki.pl\/wp-content\/uploads\/2020\/03\/logo_318x200.png","width":318,"height":200,"caption":"Navigo Kajaki"},"image":{"@id":"https:\/\/www.navigo-kajaki.pl\/de\/#\/schema\/logo\/image\/"}}]}},"_links":{"self":[{"href":"https:\/\/www.navigo-kajaki.pl\/de\/wp-json\/wp\/v2\/pages\/1804","targetHints":{"allow":["GET"]}}],"collection":[{"href":"https:\/\/www.navigo-kajaki.pl\/de\/wp-json\/wp\/v2\/pages"}],"about":[{"href":"https:\/\/www.navigo-kajaki.pl\/de\/wp-json\/wp\/v2\/types\/page"}],"author":[{"embeddable":true,"href":"https:\/\/www.navigo-kajaki.pl\/de\/wp-json\/wp\/v2\/users\/1"}],"replies":[{"embeddable":true,"href":"https:\/\/www.navigo-kajaki.pl\/de\/wp-json\/wp\/v2\/comments?post=1804"}],"version-history":[{"count":1,"href":"https:\/\/www.navigo-kajaki.pl\/de\/wp-json\/wp\/v2\/pages\/1804\/revisions"}],"predecessor-version":[{"id":1806,"href":"https:\/\/www.navigo-kajaki.pl\/de\/wp-json\/wp\/v2\/pages\/1804\/revisions\/1806"}],"wp:attachment":[{"href":"https:\/\/www.navigo-kajaki.pl\/de\/wp-json\/wp\/v2\/media?parent=1804"}],"curies":[{"name":"wp","href":"https:\/\/api.w.org\/{rel}","templated":true}]}}