{"id":9195,"date":"2026-04-22T13:44:37","date_gmt":"2026-04-22T11:44:37","guid":{"rendered":"https:\/\/www.navigo-kajaki.pl\/datenschutzerklaerung"},"modified":"2026-04-22T13:44:37","modified_gmt":"2026-04-22T11:44:37","slug":"datenschutzerklaerung","status":"publish","type":"page","link":"https:\/\/www.navigo-kajaki.pl\/de\/datenschutzerklaerung","title":{"rendered":"Datenschutzerkl\u00e4rung"},"content":{"rendered":"<p>Niniejsza Polityka prywatno\u015bci okre\u015bla zasady przetwarzania danych osobowych przez WOJCIECH NIKLAS PRZEDSI\u0118BIORSTWO PRODUKCYJNO-HANDLOWO-US\u0141UGOWE &#8222;NAVIGO&#8220;<\/p>\n<p>Administratorem danych osobowych jest WOJCIECH NIKLAS PRZEDSI\u0118BIORSTWO PRODUKCYJNO-HANDLOWO-US\u0141UGOWE &#8222;NAVIGO&#8220;, (zwana dalej \u201e<strong>Administratorem<\/strong>\u201d). Administrator dba o bezpiecze\u0144stwo przetwarzania danych osobowych. Administrator przetwarza wy\u0142\u0105cznie takie dane, kt\u00f3re s\u0105 dopuszczalne przez prawo oraz w zakresie niezb\u0119dnym dla osi\u0105gni\u0119cia celu ich przetwarzania. Dane osobowe zbierane przez Administratora s\u0105 przetwarzane zgodnie z Rozporz\u0105dzeniem Parlamentu Europejskiego i Rady (UE) 2016\/679 z dnia 27 kwietnia 2016 r. w sprawie ochrony os\u00f3b fizycznych w zwi\u0105zku z przetwarzaniem danych osobowych i w sprawie swobodnego przep\u0142ywu takich danych oraz uchylenia dyrektywy 95\/46\/WE (og\u00f3lne rozporz\u0105dzenie o ochronie danych), zwanym r\u00f3wnie\u017c \u201e<strong>RODO<\/strong>\u201d.    <\/p>\n<p><strong>Cel i podstawa prawna przetwarzania danych.<\/strong><\/p>\n<p>Nasze serwisy internetowe mog\u0105 przetwarza\u0107 dane, kt\u00f3re nie zawieraj\u0105 danych kontaktowych u\u017cytkownika, ale mog\u0105 by\u0107 wykorzystane do identyfikacji okre\u015blonego urz\u0105dzenia, za pomoc\u0105 kt\u00f3rego uzyskuje on dost\u0119p serwisu. W po\u0142\u0105czeniu z innymi danymi, pozyskiwane przez nas dane mog\u0142yby jednak zosta\u0107 wykorzystane w celu identyfikacji u\u017cytkownika. W taki spos\u00f3b mo\u017cemy pozyskiwa\u0107 np.: dane demograficzne, adresy IP oraz identyfikatory internetowe, jak r\u00f3wnie\u017c dane uzyskiwane z plik\u00f3w cookies. Pozyskane w ten spos\u00f3b dane wykorzystujemy w celu umo\u017cliwienia identyfikacji sesji u\u017cytkownika, dostosowania wy\u015bwietlanych tre\u015bci oraz w celach statystycznych.   <\/p>\n<p>Ponadto, mo\u017cemy gromadzi\u0107 r\u00f3\u017cne kategorie danych osobowych podawanych bezpo\u015brednio przez u\u017cytkownik\u00f3w. Zakres danych jest uzale\u017cniony od charakteru relacji i mo\u017ce obejmowa\u0107 takie dane jak: imi\u0119, nazwisko, dane kontaktowe, informacje, dotycz\u0105ce korzystania z us\u0142ug. Mo\u017cemy przetwarza\u0107 dane osobowych u\u017cytkownik\u00f3w w nast\u0119puj\u0105cych celach:  <\/p>\n<ul>\n<li>Umo\u017cliwienie rejestracji na organizowane przez nas wydarzenia,<\/li>\n<li>Zamawianie us\u0142ug (np. newsletter),<\/li>\n<li>Administrowanie naszymi serwisami,<\/li>\n<li>Zapewnienia zgodno\u015bci z prawem oraz bezpiecze\u0144stwa funkcjonowania naszych serwis\u00f3w,<\/li>\n<li>Prowadzenie analiz statystycznych.<\/li>\n<\/ul>\n<p>W pewnych sytuacjach podanie danych mo\u017ce by\u0107 niezb\u0119dne dla realizacji dzia\u0142a\u0144 na \u017c\u0105danie u\u017cytkownika (np. rejestracja do us\u0142ug lub wydarze\u0144, zakup sp\u0142yw\u00f3w).<\/p>\n<p><strong>Podstawy prawne przetwarzania danych.<\/strong><\/p>\n<p>Podstaw\u0105 prawn\u0105 przetwarzania danych osobowych mo\u017ce by\u0107:<\/p>\n<ul>\n<li>Udzielona przez u\u017cytkownika zgoda (art. 6 ust. 1 lit. a RODO): W pewnych sytuacjach mo\u017cemy poprosi\u0107 o udzielenie zgody na wykorzystanie danych osobowych. Cel wykorzystania danych zawsze jest podawany w tre\u015bci zgody. Udzielona zgoda mo\u017ce by\u0107 wycofana w ka\u017cdym czasie poprzez kontakt z firm\u0105 lub poprzez kontakt w spos\u00f3b opisany poni\u017cej. Nale\u017cy pami\u0119ta\u0107, \u017ce wycofanie zgody pozostaje bez wp\u0142ywu na zgodno\u015b\u0107 z prawem przetwarzania, kt\u00f3rego dokonano na podstawie zgody przed jej cofni\u0119ciem.   <\/li>\n<li>Konieczno\u015b\u0107 przetwarzania dla realizacji obowi\u0105zku wynikaj\u0105cego z przepis\u00f3w prawa lub dla wykonania umowy (art. 6 ust. 1 lit. b i c RODO): W pewnych okoliczno\u015bciach mo\u017cemy mie\u0107 obowi\u0105zek przetwarzania danych osobowych u\u017cytkownika w celu zachowania zgodno\u015bci przepisami prawa lub wype\u0142nienia naszych zobowi\u0105za\u0144 wynikaj\u0105cych z umowy, kt\u00f3rej stron\u0105 jest dany u\u017cytkownik.<\/li>\n<li>Realizacja naszych uzasadnionych interes\u00f3w (art. 6 ust.1 lit. f RODO): Takimi uzasadnionymi interesami s\u0105: prowadzenie komunikacji z u\u017cytkownikami, zapewnienie bezpiecze\u0144stwa naszych serwis\u00f3w oraz prowadzenie analiz statystycznych i archiwizacja danych dla spe\u0142nienia wymagania rozliczalno\u015bci.<\/li>\n<\/ul>\n<p><strong>Okres przechowywania danych.<\/strong><\/p>\n<p>Administrator b\u0119dzie przechowywa\u0142 pozyskane dane osobowe przez okres wynikaj\u0105cy z relacji z u\u017cytkownikiem<strong>, <\/strong>przez czas, jaki jest niezb\u0119dny dla zrealizowania cel\u00f3w, dla kt\u00f3rych dane zosta\u0142y zebrane oraz, po ustaniu celu przetwarzania, w okre\u015blonym w przepisach i niezb\u0119dnym dla do ustalenia, dochodzenia lub obrony roszcze\u0144 okresie lub, je\u015bli obowi\u0105zek ich przechowywania wynika z przepis\u00f3w prawa.<\/p>\n<p><strong>Ujawnianie danych.<\/strong><\/p>\n<p>Administrator co do zasady nie udost\u0119pnia danych u\u017cytkownik\u00f3w innym podmiotom, chyba \u017ce obowi\u0105zek takiego ujawnienia wynika z przepis\u00f3w prawa (np. ujawnienie na \u017c\u0105danie uprawnionych organ\u00f3w) lub jest niezb\u0119dne dla realizacji i odbywa si\u0119 na \u017c\u0105danie u\u017cytkownika (np. w przypadku rejestracji na wydarzenia organizowane przez zewn\u0119trznych dostawc\u00f3w).<\/p>\n<p>Dost\u0119p do danych u\u017cytkownika mog\u0105 posiada\u0107 podmioty \u015bwiadcz\u0105ce us\u0142ugi na rzecz Administratora (podwykonawcy i dostawcy), w tym zapewniaj\u0105cy wsparcie techniczne funkcjonowania naszych serwis\u00f3w.<\/p>\n<p><strong>Zautomatyzowane przetwarzanie danych.<\/strong><\/p>\n<p>Dane osobowe u\u017cytkownik\u00f3w b\u0119d\u0105 przetwarzane w spos\u00f3b zautomatyzowany (w tym w formie profilowania), jednak\u017ce nie b\u0119dzie to wywo\u0142ywa\u0107 \u017cadnych skutk\u00f3w prawnych lub w podobny spos\u00f3b istotnie wp\u0142ywa\u0107 na sytuacj\u0119 u\u017cytkownik\u00f3w. Przetwarzanie zautomatyzowane, w tym profilowanie mo\u017ce polega\u0107 na analizie i ocenie danych u\u017cytkownika celem dostosowania zachowania serwis\u00f3w do konfiguracji urz\u0105dzenia oraz oprogramowania, z kt\u00f3rego u\u017cytkownik korzysta jak r\u00f3wnie\u017c do preferencji u\u017cytkownika. <\/p>\n<p><strong>Prawa u\u017cytkownik\u00f3w.<\/strong><\/p>\n<p>W zwi\u0105zku z przetwarzaniem danych osobowych przez WOJCIECH NIKLAS PRZEDSI\u0118BIORSTWO PRODUKCYJNO-HANDLOWO-US\u0141UGOWE &#8222;NAVIGO&#8220;, u\u017cytkownicy posiadaj\u0105 szereg uprawnie\u0144. Zapewniamy respektowanie wszystkich praw u\u017cytkownik\u00f3w wynikaj\u0105cych z RODO i innych przepis\u00f3w prawa: <\/p>\n<ol>\n<li><strong>Prawo dost\u0119pu do danych osobowych<\/strong> \u2013 Ka\u017cdy u\u017cytkownik mo\u017ce domaga\u0107 si\u0119 uzyskania informacji o tym, jakie dane osobowe przetwarzamy, w tym otrzymania kopii swoich danych osobowych.<\/li>\n<li><strong>Prawo sprostowania danych osobowych<\/strong> \u2013 U\u017cytkownik mo\u017ce domaga\u0107 si\u0119 poprawienia danych, kt\u00f3re s\u0105 nieprawid\u0142owe, lub uzupe\u0142nienia danych, kt\u00f3re s\u0105 niekompletne.<\/li>\n<li><strong>Prawo usuni\u0119cia danych osobowych (\u201eprawo do bycia zapomnianym\u201d)<\/strong> \u2013 U\u017cytkownik mo\u017ce domaga\u0107 si\u0119 usuni\u0119cia wszystkich swoich danych w niekt\u00f3rych przypadkach, m.in. w razie cofni\u0119cia zgody na ich przetwarzanie (o ile stanowi\u0142a jedyn\u0105 podstaw\u0119 przetwarzania) lub gdy dane by\u0142y przetwarzane niezgodnie z prawem. Wa\u017cne! U\u017cytkownik nie b\u0119dzie m\u00f3g\u0142 skorzysta\u0107 z tego uprawnienia, gdy przetwarzanie danych wynika z realizacji obowi\u0105zk\u00f3w wynikaj\u0105cych z przepis\u00f3w prawa oraz gdy przetwarzanie jest niezb\u0119dne dla ustalenia, dochodzenia lub obrony roszcze\u0144.   <\/li>\n<li><strong>Prawo sprzeciwu<\/strong> \u2013 U\u017cytkownik mo\u017ce w dowolnym momencie domaga\u0107 si\u0119 wstrzymania przetwarzania danych z przyczyn zwi\u0105zanych ze swoj\u0105 szczeg\u00f3ln\u0105 sytuacj\u0105 w wypadku, w kt\u00f3rym dane u\u017cytkownika s\u0105 przetwarzane do cel\u00f3w wynikaj\u0105cych z prawnie uzasadnionych interes\u00f3w (np. w celu prowadzenia statystyk i analiz). W takim wypadku Administrator przestanie przetwarza\u0107 dane osobowe, chyba \u017ce b\u0119d\u0105 istnie\u0107 wa\u017cne prawnie i uzasadnione: (1) podstawy do ich przetwarzania, nadrz\u0119dne wobec interes\u00f3w, praw i wolno\u015bci u\u017cytkownika lub (2) podstawy do ustalenia, dochodzenia lub obrony roszcze\u0144. <\/li>\n<li><strong>Prawo ograniczenia przetwarzania danych osobowych<\/strong> \u2013 U\u017cytkownik mo\u017ce domaga\u0107 si\u0119 \u201ezablokowania\u201d danych (tj. zatrzymania operacji przetwarzania danych poza ich przechowywaniem) w okre\u015blonych sytuacjach, m.in. w czasie niezb\u0119dnym do ich poprawienia lub gdy nie b\u0119d\u0105 one dalej potrzebne, lecz ich przechowywanie jest potrzebne u\u017cytkownikowi np. do ochrony jego praw. <\/li>\n<li><strong>Prawo do przenoszenia danych osobowych<\/strong> \u2013 U\u017cytkownik mo\u017ce domaga\u0107 si\u0119 otrzymania danych, kt\u00f3re dostarczy\u0142, w ustrukturyzowanym, powszechnie u\u017cywanym formacie nadaj\u0105cym si\u0119 do odczytu maszynowego. U\u017cytkownik mo\u017ce \u017c\u0105da\u0107 uzyskania tych danych lub przes\u0142ania ich bezpo\u015brednio innemu, wskazanemu administratorowi, o ile b\u0119dzie to technicznie mo\u017cliwe. <\/li>\n<\/ol>\n<p>Ponadto, w razie podejrzenia naruszenia przepis\u00f3w dotycz\u0105cych ochrony danych osobowych, u\u017cytkownikowi przys\u0142uguje prawo do z\u0142o\u017cenia skargi do Prezesa Urz\u0119du Ochrony Danych Osobowych.<\/p>\n<p><strong>Kontakt w sprawach dotycz\u0105cych ochrony danych<\/strong>.<\/p>\n<p>Je\u015bli chcesz dowiedzie\u0107 si\u0119 wi\u0119cej na temat przetwarzania Twoich danych osobowych przez WOJCIECH NIKLAS PRZEDSI\u0118BIORSTWO PRODUKCYJNO-HANDLOWO-US\u0141UGOWE &#8222;NAVIGO&#8220; lub przys\u0142uguj\u0105cych Ci praw uprzejmie prosimy o kontakt wed\u0142ug podanych poni\u017cej danych kontaktowych:<\/p>\n<ul>\n<li>listownie, przesy\u0142aj\u0105c informacj\u0119 na adres: WOJCIECH NIKLAS PRZEDSI\u0118BIORSTWO PRODUKCYJNO-HANDLOWO-US\u0141UGOWE &#8222;NAVIGO&#8220;; Rogali 8; 83-424 Lipusz<\/li>\n<li>w formie elektronicznej na adres:<a href=\"mailto:splywy@navigo-kajaki.pl\"> splywy@navigo-kajaki.pl<\/a><\/li>\n<\/ul>\n","protected":false},"excerpt":{"rendered":"<p>Niniejsza Polityka prywatno\u015bci okre\u015bla zasady przetwarzania danych osobowych przez WOJCIECH NIKLAS PRZEDSI\u0118BIORSTWO PRODUKCYJNO-HANDLOWO-US\u0141UGOWE &#8222;NAVIGO&#8220; Administratorem danych osobowych jest WOJCIECH NIKLAS PRZEDSI\u0118BIORSTWO PRODUKCYJNO-HANDLOWO-US\u0141UGOWE &#8222;NAVIGO&#8220;, (zwana dalej \u201eAdministratorem\u201d). Administrator dba o bezpiecze\u0144stwo przetwarzania danych osobowych. Administrator przetwarza wy\u0142\u0105cznie takie dane, kt\u00f3re s\u0105 dopuszczalne przez prawo oraz w zakresie niezb\u0119dnym dla osi\u0105gni\u0119cia celu ich przetwarzania. Dane osobowe zbierane [&hellip;]<\/p>\n","protected":false},"author":1,"featured_media":0,"parent":0,"menu_order":0,"comment_status":"closed","ping_status":"closed","template":"template-sprzet-wodny.php","meta":{"_acf_changed":false,"footnotes":""},"class_list":["post-9195","page","type-page","status-publish","hentry"],"acf":[],"yoast_head":"<!-- This site is optimized with the Yoast SEO plugin v27.4 - https:\/\/yoast.com\/product\/yoast-seo-wordpress\/ -->\n<title>Datenschutzerkl\u00e4rung - Rowery wodne producent kajak\u00f3w \u0142odzi wios\u0142owych | Navigo Kajaki Lipusz<\/title>\n<meta name=\"robots\" content=\"index, follow, max-snippet:-1, max-image-preview:large, max-video-preview:-1\" \/>\n<link rel=\"canonical\" href=\"https:\/\/www.navigo-kajaki.pl\/de\/datenschutzerklaerung\" \/>\n<meta property=\"og:locale\" content=\"de_DE\" \/>\n<meta property=\"og:type\" content=\"article\" \/>\n<meta property=\"og:title\" content=\"Datenschutzerkl\u00e4rung - Rowery wodne producent kajak\u00f3w \u0142odzi wios\u0142owych | Navigo Kajaki Lipusz\" \/>\n<meta property=\"og:description\" content=\"Niniejsza Polityka prywatno\u015bci okre\u015bla zasady przetwarzania danych osobowych przez WOJCIECH NIKLAS PRZEDSI\u0118BIORSTWO PRODUKCYJNO-HANDLOWO-US\u0141UGOWE &#8222;NAVIGO&#8220; Administratorem danych osobowych jest WOJCIECH NIKLAS PRZEDSI\u0118BIORSTWO PRODUKCYJNO-HANDLOWO-US\u0141UGOWE &#8222;NAVIGO&#8220;, (zwana dalej \u201eAdministratorem\u201d). Administrator dba o bezpiecze\u0144stwo przetwarzania danych osobowych. Administrator przetwarza wy\u0142\u0105cznie takie dane, kt\u00f3re s\u0105 dopuszczalne przez prawo oraz w zakresie niezb\u0119dnym dla osi\u0105gni\u0119cia celu ich przetwarzania. Dane osobowe zbierane [&hellip;]\" \/>\n<meta property=\"og:url\" content=\"https:\/\/www.navigo-kajaki.pl\/de\/datenschutzerklaerung\" \/>\n<meta property=\"og:site_name\" content=\"Rowery wodne producent kajak\u00f3w \u0142odzi wios\u0142owych | Navigo Kajaki Lipusz\" \/>\n<meta name=\"twitter:card\" content=\"summary_large_image\" \/>\n<meta name=\"twitter:label1\" content=\"Gesch\u00e4tzte Lesezeit\" \/>\n\t<meta name=\"twitter:data1\" content=\"6\u00a0Minuten\" \/>\n<script type=\"application\/ld+json\" class=\"yoast-schema-graph\">{\"@context\":\"https:\\\/\\\/schema.org\",\"@graph\":[{\"@type\":\"WebPage\",\"@id\":\"https:\\\/\\\/www.navigo-kajaki.pl\\\/de\\\/datenschutzerklaerung\",\"url\":\"https:\\\/\\\/www.navigo-kajaki.pl\\\/de\\\/datenschutzerklaerung\",\"name\":\"Datenschutzerkl\u00e4rung - Rowery wodne producent kajak\u00f3w \u0142odzi wios\u0142owych | Navigo Kajaki Lipusz\",\"isPartOf\":{\"@id\":\"https:\\\/\\\/www.navigo-kajaki.pl\\\/de\\\/#website\"},\"datePublished\":\"2026-04-22T11:44:37+00:00\",\"breadcrumb\":{\"@id\":\"https:\\\/\\\/www.navigo-kajaki.pl\\\/de\\\/datenschutzerklaerung#breadcrumb\"},\"inLanguage\":\"de\",\"potentialAction\":[{\"@type\":\"ReadAction\",\"target\":[\"https:\\\/\\\/www.navigo-kajaki.pl\\\/de\\\/datenschutzerklaerung\"]}]},{\"@type\":\"BreadcrumbList\",\"@id\":\"https:\\\/\\\/www.navigo-kajaki.pl\\\/de\\\/datenschutzerklaerung#breadcrumb\",\"itemListElement\":[{\"@type\":\"ListItem\",\"position\":1,\"name\":\"Home\",\"item\":\"https:\\\/\\\/www.navigo-kajaki.pl\\\/de\"},{\"@type\":\"ListItem\",\"position\":2,\"name\":\"Datenschutzerkl\u00e4rung\"}]},{\"@type\":\"WebSite\",\"@id\":\"https:\\\/\\\/www.navigo-kajaki.pl\\\/de\\\/#website\",\"url\":\"https:\\\/\\\/www.navigo-kajaki.pl\\\/de\\\/\",\"name\":\"Rowery wodne producent kajak\u00f3w \u0142odzi wios\u0142owych | Navigo Kajaki Lipusz\",\"description\":\"\",\"publisher\":{\"@id\":\"https:\\\/\\\/www.navigo-kajaki.pl\\\/de\\\/#organization\"},\"potentialAction\":[{\"@type\":\"SearchAction\",\"target\":{\"@type\":\"EntryPoint\",\"urlTemplate\":\"https:\\\/\\\/www.navigo-kajaki.pl\\\/de\\\/?s={search_term_string}\"},\"query-input\":{\"@type\":\"PropertyValueSpecification\",\"valueRequired\":true,\"valueName\":\"search_term_string\"}}],\"inLanguage\":\"de\"},{\"@type\":\"Organization\",\"@id\":\"https:\\\/\\\/www.navigo-kajaki.pl\\\/de\\\/#organization\",\"name\":\"Navigo Kajaki\",\"url\":\"https:\\\/\\\/www.navigo-kajaki.pl\\\/de\\\/\",\"logo\":{\"@type\":\"ImageObject\",\"inLanguage\":\"de\",\"@id\":\"https:\\\/\\\/www.navigo-kajaki.pl\\\/de\\\/#\\\/schema\\\/logo\\\/image\\\/\",\"url\":\"https:\\\/\\\/www.navigo-kajaki.pl\\\/wp-content\\\/uploads\\\/2020\\\/03\\\/logo_318x200.png\",\"contentUrl\":\"https:\\\/\\\/www.navigo-kajaki.pl\\\/wp-content\\\/uploads\\\/2020\\\/03\\\/logo_318x200.png\",\"width\":318,\"height\":200,\"caption\":\"Navigo Kajaki\"},\"image\":{\"@id\":\"https:\\\/\\\/www.navigo-kajaki.pl\\\/de\\\/#\\\/schema\\\/logo\\\/image\\\/\"}}]}<\/script>\n<!-- \/ Yoast SEO plugin. -->","yoast_head_json":{"title":"Datenschutzerkl\u00e4rung - Rowery wodne producent kajak\u00f3w \u0142odzi wios\u0142owych | Navigo Kajaki Lipusz","robots":{"index":"index","follow":"follow","max-snippet":"max-snippet:-1","max-image-preview":"max-image-preview:large","max-video-preview":"max-video-preview:-1"},"canonical":"https:\/\/www.navigo-kajaki.pl\/de\/datenschutzerklaerung","og_locale":"de_DE","og_type":"article","og_title":"Datenschutzerkl\u00e4rung - Rowery wodne producent kajak\u00f3w \u0142odzi wios\u0142owych | Navigo Kajaki Lipusz","og_description":"Niniejsza Polityka prywatno\u015bci okre\u015bla zasady przetwarzania danych osobowych przez WOJCIECH NIKLAS PRZEDSI\u0118BIORSTWO PRODUKCYJNO-HANDLOWO-US\u0141UGOWE &#8222;NAVIGO&#8220; Administratorem danych osobowych jest WOJCIECH NIKLAS PRZEDSI\u0118BIORSTWO PRODUKCYJNO-HANDLOWO-US\u0141UGOWE &#8222;NAVIGO&#8220;, (zwana dalej \u201eAdministratorem\u201d). Administrator dba o bezpiecze\u0144stwo przetwarzania danych osobowych. Administrator przetwarza wy\u0142\u0105cznie takie dane, kt\u00f3re s\u0105 dopuszczalne przez prawo oraz w zakresie niezb\u0119dnym dla osi\u0105gni\u0119cia celu ich przetwarzania. Dane osobowe zbierane [&hellip;]","og_url":"https:\/\/www.navigo-kajaki.pl\/de\/datenschutzerklaerung","og_site_name":"Rowery wodne producent kajak\u00f3w \u0142odzi wios\u0142owych | Navigo Kajaki Lipusz","twitter_card":"summary_large_image","twitter_misc":{"Gesch\u00e4tzte Lesezeit":"6\u00a0Minuten"},"schema":{"@context":"https:\/\/schema.org","@graph":[{"@type":"WebPage","@id":"https:\/\/www.navigo-kajaki.pl\/de\/datenschutzerklaerung","url":"https:\/\/www.navigo-kajaki.pl\/de\/datenschutzerklaerung","name":"Datenschutzerkl\u00e4rung - Rowery wodne producent kajak\u00f3w \u0142odzi wios\u0142owych | Navigo Kajaki Lipusz","isPartOf":{"@id":"https:\/\/www.navigo-kajaki.pl\/de\/#website"},"datePublished":"2026-04-22T11:44:37+00:00","breadcrumb":{"@id":"https:\/\/www.navigo-kajaki.pl\/de\/datenschutzerklaerung#breadcrumb"},"inLanguage":"de","potentialAction":[{"@type":"ReadAction","target":["https:\/\/www.navigo-kajaki.pl\/de\/datenschutzerklaerung"]}]},{"@type":"BreadcrumbList","@id":"https:\/\/www.navigo-kajaki.pl\/de\/datenschutzerklaerung#breadcrumb","itemListElement":[{"@type":"ListItem","position":1,"name":"Home","item":"https:\/\/www.navigo-kajaki.pl\/de"},{"@type":"ListItem","position":2,"name":"Datenschutzerkl\u00e4rung"}]},{"@type":"WebSite","@id":"https:\/\/www.navigo-kajaki.pl\/de\/#website","url":"https:\/\/www.navigo-kajaki.pl\/de\/","name":"Rowery wodne producent kajak\u00f3w \u0142odzi wios\u0142owych | Navigo Kajaki Lipusz","description":"","publisher":{"@id":"https:\/\/www.navigo-kajaki.pl\/de\/#organization"},"potentialAction":[{"@type":"SearchAction","target":{"@type":"EntryPoint","urlTemplate":"https:\/\/www.navigo-kajaki.pl\/de\/?s={search_term_string}"},"query-input":{"@type":"PropertyValueSpecification","valueRequired":true,"valueName":"search_term_string"}}],"inLanguage":"de"},{"@type":"Organization","@id":"https:\/\/www.navigo-kajaki.pl\/de\/#organization","name":"Navigo Kajaki","url":"https:\/\/www.navigo-kajaki.pl\/de\/","logo":{"@type":"ImageObject","inLanguage":"de","@id":"https:\/\/www.navigo-kajaki.pl\/de\/#\/schema\/logo\/image\/","url":"https:\/\/www.navigo-kajaki.pl\/wp-content\/uploads\/2020\/03\/logo_318x200.png","contentUrl":"https:\/\/www.navigo-kajaki.pl\/wp-content\/uploads\/2020\/03\/logo_318x200.png","width":318,"height":200,"caption":"Navigo Kajaki"},"image":{"@id":"https:\/\/www.navigo-kajaki.pl\/de\/#\/schema\/logo\/image\/"}}]}},"_links":{"self":[{"href":"https:\/\/www.navigo-kajaki.pl\/de\/wp-json\/wp\/v2\/pages\/9195","targetHints":{"allow":["GET"]}}],"collection":[{"href":"https:\/\/www.navigo-kajaki.pl\/de\/wp-json\/wp\/v2\/pages"}],"about":[{"href":"https:\/\/www.navigo-kajaki.pl\/de\/wp-json\/wp\/v2\/types\/page"}],"author":[{"embeddable":true,"href":"https:\/\/www.navigo-kajaki.pl\/de\/wp-json\/wp\/v2\/users\/1"}],"replies":[{"embeddable":true,"href":"https:\/\/www.navigo-kajaki.pl\/de\/wp-json\/wp\/v2\/comments?post=9195"}],"version-history":[{"count":0,"href":"https:\/\/www.navigo-kajaki.pl\/de\/wp-json\/wp\/v2\/pages\/9195\/revisions"}],"wp:attachment":[{"href":"https:\/\/www.navigo-kajaki.pl\/de\/wp-json\/wp\/v2\/media?parent=9195"}],"curies":[{"name":"wp","href":"https:\/\/api.w.org\/{rel}","templated":true}]}}