{"id":9201,"date":"2026-04-22T13:45:35","date_gmt":"2026-04-22T11:45:35","guid":{"rendered":"https:\/\/www.navigo-kajaki.pl\/renovierung-und-reparatur-von-wasseranlagen"},"modified":"2026-04-22T13:45:35","modified_gmt":"2026-04-22T11:45:35","slug":"renovierung-und-reparatur-von-wasseranlagen","status":"publish","type":"page","link":"https:\/\/www.navigo-kajaki.pl\/de\/renovierung-und-reparatur-von-wasseranlagen","title":{"rendered":"Renovierung und Reparatur von Wasseranlagen"},"content":{"rendered":"\n<p>Die Firma \u201eNAVIGO\u201c befasst sich mit der umfassenden Sanierung und Reparatur von Wassersportger\u00e4ten wie Tretbooten, Booten, Kajaks usw.<\/p>\n\n<p>Es besteht auch die M\u00f6glichkeit, zum Kunden zu fahren, um die Wassersportausr\u00fcstung vor Ort zu reparieren, ohne dass das Ger\u00e4t m\u00fchsam und kostspielig zu uns transportiert werden muss.<\/p>\n\n<p>Zuvor sollten Sie uns jedoch Fotos per E-Mail an <a href=\"mailto:sprzet@navigo-kajaki.pl\">sprzet@navigo-kajaki.pl <\/a>oder per SMS an die Nummer <a href=\"tel:504-061-520\">504-061-520<\/a> senden, damit wir den Schaden begutachten und die Kosten f\u00fcr eine eventuelle Reparatur sch\u00e4tzen k\u00f6nnen.<\/p>\n\n<p>Nachfolgend sind Fotos von durchgef\u00fchrten Reparaturen an Wasserausr\u00fcstung zu sehen.<\/p>\n\n<div class=\"wp-block-columns are-vertically-aligned-top is-not-stacked-on-mobile is-layout-flex wp-container-core-columns-is-layout-9d6595d7 wp-block-columns-is-layout-flex\">\n<div class=\"wp-block-column is-vertically-aligned-top is-layout-flow wp-block-column-is-layout-flow\">\n<h2 class=\"wp-block-heading\">Vor der Renovierung<\/h2>\n\n\n\n<figure class=\"wp-block-image size-full\"><img loading=\"lazy\" decoding=\"async\" width=\"1200\" height=\"804\" src=\"https:\/\/www.navigo-kajaki.pl\/wp-content\/uploads\/2026\/01\/navigo-renowacja_002_przed.jpg\" alt=\"\" class=\"wp-image-8711\" srcset=\"https:\/\/www.navigo-kajaki.pl\/wp-content\/uploads\/2026\/01\/navigo-renowacja_002_przed.jpg 1200w, https:\/\/www.navigo-kajaki.pl\/wp-content\/uploads\/2026\/01\/navigo-renowacja_002_przed-768x515.jpg 768w\" sizes=\"auto, (max-width: 1200px) 100vw, 1200px\" \/><\/figure>\n<\/div>\n\n\n\n<div class=\"wp-block-column is-vertically-aligned-top is-layout-flow wp-block-column-is-layout-flow\">\n<h2 class=\"wp-block-heading\">Nach der Renovierung<\/h2>\n\n\n\n<figure class=\"wp-block-image size-full\"><img loading=\"lazy\" decoding=\"async\" width=\"1200\" height=\"700\" src=\"https:\/\/www.navigo-kajaki.pl\/wp-content\/uploads\/2026\/01\/navigo-renowacja_003_po.jpg\" alt=\"\" class=\"wp-image-8712\" srcset=\"https:\/\/www.navigo-kajaki.pl\/wp-content\/uploads\/2026\/01\/navigo-renowacja_003_po.jpg 1200w, https:\/\/www.navigo-kajaki.pl\/wp-content\/uploads\/2026\/01\/navigo-renowacja_003_po-768x448.jpg 768w\" sizes=\"auto, (max-width: 1200px) 100vw, 1200px\" \/><\/figure>\n<\/div>\n<\/div>\n\n<div class=\"wp-block-columns is-layout-flex wp-container-core-columns-is-layout-9d6595d7 wp-block-columns-is-layout-flex\">\n<div class=\"wp-block-column is-layout-flow wp-block-column-is-layout-flow\">\n<div class=\"wp-block-columns are-vertically-aligned-top is-not-stacked-on-mobile is-layout-flex wp-container-core-columns-is-layout-9d6595d7 wp-block-columns-is-layout-flex\">\n<div class=\"wp-block-column is-vertically-aligned-top is-layout-flow wp-block-column-is-layout-flow\">\n<h2 class=\"wp-block-heading\">Vor der Renovierung<\/h2>\n\n\n\n<figure class=\"wp-block-image size-full\"><img loading=\"lazy\" decoding=\"async\" width=\"1200\" height=\"769\" src=\"https:\/\/www.navigo-kajaki.pl\/wp-content\/uploads\/2026\/01\/navigo-renowacja_005_przed.jpg\" alt=\"\" class=\"wp-image-8716\" srcset=\"https:\/\/www.navigo-kajaki.pl\/wp-content\/uploads\/2026\/01\/navigo-renowacja_005_przed.jpg 1200w, https:\/\/www.navigo-kajaki.pl\/wp-content\/uploads\/2026\/01\/navigo-renowacja_005_przed-768x492.jpg 768w\" sizes=\"auto, (max-width: 1200px) 100vw, 1200px\" \/><\/figure>\n<\/div>\n\n\n\n<div class=\"wp-block-column is-vertically-aligned-top is-layout-flow wp-block-column-is-layout-flow\">\n<h2 class=\"wp-block-heading\">Nach der Renovierung<\/h2>\n\n\n\n<figure class=\"wp-block-image size-full\"><img loading=\"lazy\" decoding=\"async\" width=\"1200\" height=\"676\" src=\"https:\/\/www.navigo-kajaki.pl\/wp-content\/uploads\/2026\/01\/navigo-renowacja_005_po.jpg\" alt=\"\" class=\"wp-image-8717\" srcset=\"https:\/\/www.navigo-kajaki.pl\/wp-content\/uploads\/2026\/01\/navigo-renowacja_005_po.jpg 1200w, https:\/\/www.navigo-kajaki.pl\/wp-content\/uploads\/2026\/01\/navigo-renowacja_005_po-768x433.jpg 768w\" sizes=\"auto, (max-width: 1200px) 100vw, 1200px\" \/><\/figure>\n<\/div>\n<\/div>\n<\/div>\n<\/div>\n","protected":false},"excerpt":{"rendered":"<p>Die Firma \u201eNAVIGO\u201c befasst sich mit der umfassenden Sanierung und Reparatur von Wassersportger\u00e4ten wie Tretbooten, Booten, Kajaks usw. Es besteht auch die M\u00f6glichkeit, zum Kunden zu fahren, um die Wassersportausr\u00fcstung vor Ort zu reparieren, ohne dass das Ger\u00e4t m\u00fchsam und kostspielig zu uns transportiert werden muss. Zuvor sollten Sie uns jedoch Fotos per E-Mail an [&hellip;]<\/p>\n","protected":false},"author":1,"featured_media":0,"parent":0,"menu_order":0,"comment_status":"closed","ping_status":"closed","template":"template-sprzet-wodny.php","meta":{"_acf_changed":false,"footnotes":""},"class_list":["post-9201","page","type-page","status-publish","hentry"],"acf":[],"yoast_head":"<!-- This site is optimized with the Yoast SEO plugin v27.4 - https:\/\/yoast.com\/product\/yoast-seo-wordpress\/ -->\n<title>Renovierung und Reparatur von Wasseranlagen - Rowery wodne producent kajak\u00f3w \u0142odzi wios\u0142owych | Navigo Kajaki Lipusz<\/title>\n<meta name=\"robots\" content=\"index, follow, max-snippet:-1, max-image-preview:large, max-video-preview:-1\" \/>\n<link rel=\"canonical\" href=\"https:\/\/www.navigo-kajaki.pl\/de\/renovierung-und-reparatur-von-wasseranlagen\" \/>\n<meta property=\"og:locale\" content=\"de_DE\" \/>\n<meta property=\"og:type\" content=\"article\" \/>\n<meta property=\"og:title\" content=\"Renovierung und Reparatur von Wasseranlagen - Rowery wodne producent kajak\u00f3w \u0142odzi wios\u0142owych | Navigo Kajaki Lipusz\" \/>\n<meta property=\"og:description\" content=\"Die Firma \u201eNAVIGO\u201c befasst sich mit der umfassenden Sanierung und Reparatur von Wassersportger\u00e4ten wie Tretbooten, Booten, Kajaks usw. Es besteht auch die M\u00f6glichkeit, zum Kunden zu fahren, um die Wassersportausr\u00fcstung vor Ort zu reparieren, ohne dass das Ger\u00e4t m\u00fchsam und kostspielig zu uns transportiert werden muss. Zuvor sollten Sie uns jedoch Fotos per E-Mail an [&hellip;]\" \/>\n<meta property=\"og:url\" content=\"https:\/\/www.navigo-kajaki.pl\/de\/renovierung-und-reparatur-von-wasseranlagen\" \/>\n<meta property=\"og:site_name\" content=\"Rowery wodne producent kajak\u00f3w \u0142odzi wios\u0142owych | Navigo Kajaki Lipusz\" \/>\n<meta property=\"og:image\" content=\"https:\/\/www.navigo-kajaki.pl\/wp-content\/uploads\/2026\/01\/navigo-renowacja_002_przed.jpg\" \/>\n\t<meta property=\"og:image:width\" content=\"1200\" \/>\n\t<meta property=\"og:image:height\" content=\"804\" \/>\n\t<meta property=\"og:image:type\" content=\"image\/jpeg\" \/>\n<meta name=\"twitter:card\" content=\"summary_large_image\" \/>\n<meta name=\"twitter:label1\" content=\"Gesch\u00e4tzte Lesezeit\" \/>\n\t<meta name=\"twitter:data1\" content=\"1\u00a0Minute\" \/>\n<script type=\"application\/ld+json\" class=\"yoast-schema-graph\">{\"@context\":\"https:\\\/\\\/schema.org\",\"@graph\":[{\"@type\":\"WebPage\",\"@id\":\"https:\\\/\\\/www.navigo-kajaki.pl\\\/de\\\/renovierung-und-reparatur-von-wasseranlagen\",\"url\":\"https:\\\/\\\/www.navigo-kajaki.pl\\\/de\\\/renovierung-und-reparatur-von-wasseranlagen\",\"name\":\"Renovierung und Reparatur von Wasseranlagen - Rowery wodne producent kajak\u00f3w \u0142odzi wios\u0142owych | Navigo Kajaki Lipusz\",\"isPartOf\":{\"@id\":\"https:\\\/\\\/www.navigo-kajaki.pl\\\/de\\\/#website\"},\"primaryImageOfPage\":{\"@id\":\"https:\\\/\\\/www.navigo-kajaki.pl\\\/de\\\/renovierung-und-reparatur-von-wasseranlagen#primaryimage\"},\"image\":{\"@id\":\"https:\\\/\\\/www.navigo-kajaki.pl\\\/de\\\/renovierung-und-reparatur-von-wasseranlagen#primaryimage\"},\"thumbnailUrl\":\"https:\\\/\\\/www.navigo-kajaki.pl\\\/wp-content\\\/uploads\\\/2026\\\/01\\\/navigo-renowacja_002_przed.jpg\",\"datePublished\":\"2026-04-22T11:45:35+00:00\",\"breadcrumb\":{\"@id\":\"https:\\\/\\\/www.navigo-kajaki.pl\\\/de\\\/renovierung-und-reparatur-von-wasseranlagen#breadcrumb\"},\"inLanguage\":\"de\",\"potentialAction\":[{\"@type\":\"ReadAction\",\"target\":[\"https:\\\/\\\/www.navigo-kajaki.pl\\\/de\\\/renovierung-und-reparatur-von-wasseranlagen\"]}]},{\"@type\":\"ImageObject\",\"inLanguage\":\"de\",\"@id\":\"https:\\\/\\\/www.navigo-kajaki.pl\\\/de\\\/renovierung-und-reparatur-von-wasseranlagen#primaryimage\",\"url\":\"https:\\\/\\\/www.navigo-kajaki.pl\\\/wp-content\\\/uploads\\\/2026\\\/01\\\/navigo-renowacja_002_przed.jpg\",\"contentUrl\":\"https:\\\/\\\/www.navigo-kajaki.pl\\\/wp-content\\\/uploads\\\/2026\\\/01\\\/navigo-renowacja_002_przed.jpg\"},{\"@type\":\"BreadcrumbList\",\"@id\":\"https:\\\/\\\/www.navigo-kajaki.pl\\\/de\\\/renovierung-und-reparatur-von-wasseranlagen#breadcrumb\",\"itemListElement\":[{\"@type\":\"ListItem\",\"position\":1,\"name\":\"Home\",\"item\":\"https:\\\/\\\/www.navigo-kajaki.pl\\\/de\"},{\"@type\":\"ListItem\",\"position\":2,\"name\":\"Renovierung und Reparatur von Wasseranlagen\"}]},{\"@type\":\"WebSite\",\"@id\":\"https:\\\/\\\/www.navigo-kajaki.pl\\\/de\\\/#website\",\"url\":\"https:\\\/\\\/www.navigo-kajaki.pl\\\/de\\\/\",\"name\":\"Rowery wodne producent kajak\u00f3w \u0142odzi wios\u0142owych | Navigo Kajaki Lipusz\",\"description\":\"\",\"publisher\":{\"@id\":\"https:\\\/\\\/www.navigo-kajaki.pl\\\/de\\\/#organization\"},\"potentialAction\":[{\"@type\":\"SearchAction\",\"target\":{\"@type\":\"EntryPoint\",\"urlTemplate\":\"https:\\\/\\\/www.navigo-kajaki.pl\\\/de\\\/?s={search_term_string}\"},\"query-input\":{\"@type\":\"PropertyValueSpecification\",\"valueRequired\":true,\"valueName\":\"search_term_string\"}}],\"inLanguage\":\"de\"},{\"@type\":\"Organization\",\"@id\":\"https:\\\/\\\/www.navigo-kajaki.pl\\\/de\\\/#organization\",\"name\":\"Navigo Kajaki\",\"url\":\"https:\\\/\\\/www.navigo-kajaki.pl\\\/de\\\/\",\"logo\":{\"@type\":\"ImageObject\",\"inLanguage\":\"de\",\"@id\":\"https:\\\/\\\/www.navigo-kajaki.pl\\\/de\\\/#\\\/schema\\\/logo\\\/image\\\/\",\"url\":\"https:\\\/\\\/www.navigo-kajaki.pl\\\/wp-content\\\/uploads\\\/2020\\\/03\\\/logo_318x200.png\",\"contentUrl\":\"https:\\\/\\\/www.navigo-kajaki.pl\\\/wp-content\\\/uploads\\\/2020\\\/03\\\/logo_318x200.png\",\"width\":318,\"height\":200,\"caption\":\"Navigo Kajaki\"},\"image\":{\"@id\":\"https:\\\/\\\/www.navigo-kajaki.pl\\\/de\\\/#\\\/schema\\\/logo\\\/image\\\/\"}}]}<\/script>\n<!-- \/ Yoast SEO plugin. -->","yoast_head_json":{"title":"Renovierung und Reparatur von Wasseranlagen - Rowery wodne producent kajak\u00f3w \u0142odzi wios\u0142owych | Navigo Kajaki Lipusz","robots":{"index":"index","follow":"follow","max-snippet":"max-snippet:-1","max-image-preview":"max-image-preview:large","max-video-preview":"max-video-preview:-1"},"canonical":"https:\/\/www.navigo-kajaki.pl\/de\/renovierung-und-reparatur-von-wasseranlagen","og_locale":"de_DE","og_type":"article","og_title":"Renovierung und Reparatur von Wasseranlagen - Rowery wodne producent kajak\u00f3w \u0142odzi wios\u0142owych | Navigo Kajaki Lipusz","og_description":"Die Firma \u201eNAVIGO\u201c befasst sich mit der umfassenden Sanierung und Reparatur von Wassersportger\u00e4ten wie Tretbooten, Booten, Kajaks usw. Es besteht auch die M\u00f6glichkeit, zum Kunden zu fahren, um die Wassersportausr\u00fcstung vor Ort zu reparieren, ohne dass das Ger\u00e4t m\u00fchsam und kostspielig zu uns transportiert werden muss. Zuvor sollten Sie uns jedoch Fotos per E-Mail an [&hellip;]","og_url":"https:\/\/www.navigo-kajaki.pl\/de\/renovierung-und-reparatur-von-wasseranlagen","og_site_name":"Rowery wodne producent kajak\u00f3w \u0142odzi wios\u0142owych | Navigo Kajaki Lipusz","og_image":[{"width":1200,"height":804,"url":"https:\/\/www.navigo-kajaki.pl\/wp-content\/uploads\/2026\/01\/navigo-renowacja_002_przed.jpg","type":"image\/jpeg"}],"twitter_card":"summary_large_image","twitter_misc":{"Gesch\u00e4tzte Lesezeit":"1\u00a0Minute"},"schema":{"@context":"https:\/\/schema.org","@graph":[{"@type":"WebPage","@id":"https:\/\/www.navigo-kajaki.pl\/de\/renovierung-und-reparatur-von-wasseranlagen","url":"https:\/\/www.navigo-kajaki.pl\/de\/renovierung-und-reparatur-von-wasseranlagen","name":"Renovierung und Reparatur von Wasseranlagen - Rowery wodne producent kajak\u00f3w \u0142odzi wios\u0142owych | Navigo Kajaki Lipusz","isPartOf":{"@id":"https:\/\/www.navigo-kajaki.pl\/de\/#website"},"primaryImageOfPage":{"@id":"https:\/\/www.navigo-kajaki.pl\/de\/renovierung-und-reparatur-von-wasseranlagen#primaryimage"},"image":{"@id":"https:\/\/www.navigo-kajaki.pl\/de\/renovierung-und-reparatur-von-wasseranlagen#primaryimage"},"thumbnailUrl":"https:\/\/www.navigo-kajaki.pl\/wp-content\/uploads\/2026\/01\/navigo-renowacja_002_przed.jpg","datePublished":"2026-04-22T11:45:35+00:00","breadcrumb":{"@id":"https:\/\/www.navigo-kajaki.pl\/de\/renovierung-und-reparatur-von-wasseranlagen#breadcrumb"},"inLanguage":"de","potentialAction":[{"@type":"ReadAction","target":["https:\/\/www.navigo-kajaki.pl\/de\/renovierung-und-reparatur-von-wasseranlagen"]}]},{"@type":"ImageObject","inLanguage":"de","@id":"https:\/\/www.navigo-kajaki.pl\/de\/renovierung-und-reparatur-von-wasseranlagen#primaryimage","url":"https:\/\/www.navigo-kajaki.pl\/wp-content\/uploads\/2026\/01\/navigo-renowacja_002_przed.jpg","contentUrl":"https:\/\/www.navigo-kajaki.pl\/wp-content\/uploads\/2026\/01\/navigo-renowacja_002_przed.jpg"},{"@type":"BreadcrumbList","@id":"https:\/\/www.navigo-kajaki.pl\/de\/renovierung-und-reparatur-von-wasseranlagen#breadcrumb","itemListElement":[{"@type":"ListItem","position":1,"name":"Home","item":"https:\/\/www.navigo-kajaki.pl\/de"},{"@type":"ListItem","position":2,"name":"Renovierung und Reparatur von Wasseranlagen"}]},{"@type":"WebSite","@id":"https:\/\/www.navigo-kajaki.pl\/de\/#website","url":"https:\/\/www.navigo-kajaki.pl\/de\/","name":"Rowery wodne producent kajak\u00f3w \u0142odzi wios\u0142owych | Navigo Kajaki Lipusz","description":"","publisher":{"@id":"https:\/\/www.navigo-kajaki.pl\/de\/#organization"},"potentialAction":[{"@type":"SearchAction","target":{"@type":"EntryPoint","urlTemplate":"https:\/\/www.navigo-kajaki.pl\/de\/?s={search_term_string}"},"query-input":{"@type":"PropertyValueSpecification","valueRequired":true,"valueName":"search_term_string"}}],"inLanguage":"de"},{"@type":"Organization","@id":"https:\/\/www.navigo-kajaki.pl\/de\/#organization","name":"Navigo Kajaki","url":"https:\/\/www.navigo-kajaki.pl\/de\/","logo":{"@type":"ImageObject","inLanguage":"de","@id":"https:\/\/www.navigo-kajaki.pl\/de\/#\/schema\/logo\/image\/","url":"https:\/\/www.navigo-kajaki.pl\/wp-content\/uploads\/2020\/03\/logo_318x200.png","contentUrl":"https:\/\/www.navigo-kajaki.pl\/wp-content\/uploads\/2020\/03\/logo_318x200.png","width":318,"height":200,"caption":"Navigo Kajaki"},"image":{"@id":"https:\/\/www.navigo-kajaki.pl\/de\/#\/schema\/logo\/image\/"}}]}},"_links":{"self":[{"href":"https:\/\/www.navigo-kajaki.pl\/de\/wp-json\/wp\/v2\/pages\/9201","targetHints":{"allow":["GET"]}}],"collection":[{"href":"https:\/\/www.navigo-kajaki.pl\/de\/wp-json\/wp\/v2\/pages"}],"about":[{"href":"https:\/\/www.navigo-kajaki.pl\/de\/wp-json\/wp\/v2\/types\/page"}],"author":[{"embeddable":true,"href":"https:\/\/www.navigo-kajaki.pl\/de\/wp-json\/wp\/v2\/users\/1"}],"replies":[{"embeddable":true,"href":"https:\/\/www.navigo-kajaki.pl\/de\/wp-json\/wp\/v2\/comments?post=9201"}],"version-history":[{"count":1,"href":"https:\/\/www.navigo-kajaki.pl\/de\/wp-json\/wp\/v2\/pages\/9201\/revisions"}],"predecessor-version":[{"id":9208,"href":"https:\/\/www.navigo-kajaki.pl\/de\/wp-json\/wp\/v2\/pages\/9201\/revisions\/9208"}],"wp:attachment":[{"href":"https:\/\/www.navigo-kajaki.pl\/de\/wp-json\/wp\/v2\/media?parent=9201"}],"curies":[{"name":"wp","href":"https:\/\/api.w.org\/{rel}","templated":true}]}}