{"id":9120,"date":"2026-04-22T12:31:40","date_gmt":"2026-04-22T10:31:40","guid":{"rendered":"https:\/\/www.navigo-kajaki.pl\/own-transport"},"modified":"2026-04-22T12:31:40","modified_gmt":"2026-04-22T10:31:40","slug":"own-transport","status":"publish","type":"page","link":"https:\/\/www.navigo-kajaki.pl\/en\/own-transport","title":{"rendered":"Own transport"},"content":{"rendered":"<p><img loading=\"lazy\" decoding=\"async\" class=\"alignleft size-full wp-image-5019 img-fluid\" src=\"https:\/\/www.navigo-kajaki.pl\/wp-content\/uploads\/2022\/01\/navigo-wlasny-transport-1.jpg\" alt=\"\" width=\"1024\" height=\"667\" srcset=\"https:\/\/www.navigo-kajaki.pl\/wp-content\/uploads\/2022\/01\/navigo-wlasny-transport-1.jpg 1024w, https:\/\/www.navigo-kajaki.pl\/wp-content\/uploads\/2022\/01\/navigo-wlasny-transport-1-768x500.jpg 768w\" sizes=\"auto, (max-width: 1024px) 100vw, 1024px\" \/> <img loading=\"lazy\" decoding=\"async\" class=\"alignleft size-full wp-image-5022 img-fluid\" src=\"https:\/\/www.navigo-kajaki.pl\/wp-content\/uploads\/2022\/01\/navigo-wlasny-transport-2.jpg\" alt=\"\" width=\"1024\" height=\"576\" srcset=\"https:\/\/www.navigo-kajaki.pl\/wp-content\/uploads\/2022\/01\/navigo-wlasny-transport-2.jpg 1024w, https:\/\/www.navigo-kajaki.pl\/wp-content\/uploads\/2022\/01\/navigo-wlasny-transport-2-768x432.jpg 768w\" sizes=\"auto, (max-width: 1024px) 100vw, 1024px\" \/> <img loading=\"lazy\" decoding=\"async\" class=\"alignleft size-full wp-image-5025 img-fluid\" src=\"https:\/\/www.navigo-kajaki.pl\/wp-content\/uploads\/2022\/01\/navigo-wlasny-transport-3.jpg\" alt=\"\" width=\"1024\" height=\"576\" srcset=\"https:\/\/www.navigo-kajaki.pl\/wp-content\/uploads\/2022\/01\/navigo-wlasny-transport-3.jpg 1024w, https:\/\/www.navigo-kajaki.pl\/wp-content\/uploads\/2022\/01\/navigo-wlasny-transport-3-768x432.jpg 768w\" sizes=\"auto, (max-width: 1024px) 100vw, 1024px\" \/> <img loading=\"lazy\" decoding=\"async\" class=\"alignleft size-full wp-image-5028 img-fluid\" src=\"https:\/\/www.navigo-kajaki.pl\/wp-content\/uploads\/2022\/01\/navigo-wlasny-transport-4.jpg\" alt=\"\" width=\"1024\" height=\"576\" srcset=\"https:\/\/www.navigo-kajaki.pl\/wp-content\/uploads\/2022\/01\/navigo-wlasny-transport-4.jpg 1024w, https:\/\/www.navigo-kajaki.pl\/wp-content\/uploads\/2022\/01\/navigo-wlasny-transport-4-768x432.jpg 768w\" sizes=\"auto, (max-width: 1024px) 100vw, 1024px\" \/> <img loading=\"lazy\" decoding=\"async\" class=\"alignleft size-full wp-image-5031 img-fluid\" src=\"https:\/\/www.navigo-kajaki.pl\/wp-content\/uploads\/2022\/01\/navigo-wlasny-transport-5.jpg\" alt=\"\" width=\"1024\" height=\"576\" srcset=\"https:\/\/www.navigo-kajaki.pl\/wp-content\/uploads\/2022\/01\/navigo-wlasny-transport-5.jpg 1024w, https:\/\/www.navigo-kajaki.pl\/wp-content\/uploads\/2022\/01\/navigo-wlasny-transport-5-768x432.jpg 768w\" sizes=\"auto, (max-width: 1024px) 100vw, 1024px\" \/> <img loading=\"lazy\" decoding=\"async\" class=\"alignleft size-full wp-image-5034 img-fluid\" src=\"https:\/\/www.navigo-kajaki.pl\/wp-content\/uploads\/2022\/01\/navigo-wlasny-transport-6.jpg\" alt=\"\" width=\"1024\" height=\"534\" srcset=\"https:\/\/www.navigo-kajaki.pl\/wp-content\/uploads\/2022\/01\/navigo-wlasny-transport-6.jpg 1024w, https:\/\/www.navigo-kajaki.pl\/wp-content\/uploads\/2022\/01\/navigo-wlasny-transport-6-768x401.jpg 768w\" sizes=\"auto, (max-width: 1024px) 100vw, 1024px\" \/> <img loading=\"lazy\" decoding=\"async\" width=\"1024\" height=\"768\" src=\"https:\/\/www.navigo-kajaki.pl\/wp-content\/uploads\/2023\/02\/20220606_203435.jpg\" alt=\"\" class=\"alignleft size-full wp-image-6528 img-fluid\" srcset=\"https:\/\/www.navigo-kajaki.pl\/wp-content\/uploads\/2023\/02\/20220606_203435.jpg 1024w, https:\/\/www.navigo-kajaki.pl\/wp-content\/uploads\/2023\/02\/20220606_203435-768x576.jpg 768w\" sizes=\"auto, (max-width: 1024px) 100vw, 1024px\" \/> <img loading=\"lazy\" decoding=\"async\" width=\"1024\" height=\"768\" src=\"https:\/\/www.navigo-kajaki.pl\/wp-content\/uploads\/2022\/01\/20220524_120508.jpg\" alt=\"\" class=\"alignleft size-full wp-image-6524 img-fluid\" srcset=\"https:\/\/www.navigo-kajaki.pl\/wp-content\/uploads\/2022\/01\/20220524_120508.jpg 1024w, https:\/\/www.navigo-kajaki.pl\/wp-content\/uploads\/2022\/01\/20220524_120508-768x576.jpg 768w\" sizes=\"auto, (max-width: 1024px) 100vw, 1024px\" \/> <img loading=\"lazy\" decoding=\"async\" width=\"1024\" height=\"768\" src=\"https:\/\/www.navigo-kajaki.pl\/wp-content\/uploads\/2022\/01\/20220524_120534.jpg\" alt=\"\" class=\"alignleft size-full wp-image-6521 img-fluid\" srcset=\"https:\/\/www.navigo-kajaki.pl\/wp-content\/uploads\/2022\/01\/20220524_120534.jpg 1024w, https:\/\/www.navigo-kajaki.pl\/wp-content\/uploads\/2022\/01\/20220524_120534-768x576.jpg 768w\" sizes=\"auto, (max-width: 1024px) 100vw, 1024px\" \/><\/p>\n","protected":false},"excerpt":{"rendered":"","protected":false},"author":1,"featured_media":0,"parent":0,"menu_order":0,"comment_status":"closed","ping_status":"closed","template":"template-sprzet-wodny.php","meta":{"_acf_changed":false,"footnotes":""},"class_list":["post-9120","page","type-page","status-publish","hentry"],"acf":[],"yoast_head":"<!-- This site is optimized with the Yoast SEO plugin v27.4 - https:\/\/yoast.com\/product\/yoast-seo-wordpress\/ -->\n<title>Own transport - Rowery wodne producent kajak\u00f3w \u0142odzi wios\u0142owych | Navigo Kajaki Lipusz<\/title>\n<meta name=\"robots\" content=\"index, follow, max-snippet:-1, max-image-preview:large, max-video-preview:-1\" \/>\n<link rel=\"canonical\" href=\"https:\/\/www.navigo-kajaki.pl\/en\/own-transport\" \/>\n<meta property=\"og:locale\" content=\"en_US\" \/>\n<meta property=\"og:type\" content=\"article\" \/>\n<meta property=\"og:title\" content=\"Own transport - Rowery wodne producent kajak\u00f3w \u0142odzi wios\u0142owych | Navigo Kajaki Lipusz\" \/>\n<meta property=\"og:url\" content=\"https:\/\/www.navigo-kajaki.pl\/en\/own-transport\" \/>\n<meta property=\"og:site_name\" content=\"Rowery wodne producent kajak\u00f3w \u0142odzi wios\u0142owych | Navigo Kajaki Lipusz\" \/>\n<meta property=\"og:image\" content=\"https:\/\/www.navigo-kajaki.pl\/wp-content\/uploads\/2022\/01\/navigo-wlasny-transport-1.jpg\" \/>\n<meta name=\"twitter:card\" content=\"summary_large_image\" \/>\n<script type=\"application\/ld+json\" class=\"yoast-schema-graph\">{\"@context\":\"https:\\\/\\\/schema.org\",\"@graph\":[{\"@type\":\"WebPage\",\"@id\":\"https:\\\/\\\/www.navigo-kajaki.pl\\\/en\\\/own-transport\",\"url\":\"https:\\\/\\\/www.navigo-kajaki.pl\\\/en\\\/own-transport\",\"name\":\"Own transport - Rowery wodne producent kajak\u00f3w \u0142odzi wios\u0142owych | Navigo Kajaki Lipusz\",\"isPartOf\":{\"@id\":\"https:\\\/\\\/www.navigo-kajaki.pl\\\/en#website\"},\"primaryImageOfPage\":{\"@id\":\"https:\\\/\\\/www.navigo-kajaki.pl\\\/en\\\/own-transport#primaryimage\"},\"image\":{\"@id\":\"https:\\\/\\\/www.navigo-kajaki.pl\\\/en\\\/own-transport#primaryimage\"},\"thumbnailUrl\":\"https:\\\/\\\/www.navigo-kajaki.pl\\\/wp-content\\\/uploads\\\/2022\\\/01\\\/navigo-wlasny-transport-1.jpg\",\"datePublished\":\"2026-04-22T10:31:40+00:00\",\"breadcrumb\":{\"@id\":\"https:\\\/\\\/www.navigo-kajaki.pl\\\/en\\\/own-transport#breadcrumb\"},\"inLanguage\":\"en-US\",\"potentialAction\":[{\"@type\":\"ReadAction\",\"target\":[\"https:\\\/\\\/www.navigo-kajaki.pl\\\/en\\\/own-transport\"]}]},{\"@type\":\"ImageObject\",\"inLanguage\":\"en-US\",\"@id\":\"https:\\\/\\\/www.navigo-kajaki.pl\\\/en\\\/own-transport#primaryimage\",\"url\":\"https:\\\/\\\/www.navigo-kajaki.pl\\\/wp-content\\\/uploads\\\/2022\\\/01\\\/navigo-wlasny-transport-1.jpg\",\"contentUrl\":\"https:\\\/\\\/www.navigo-kajaki.pl\\\/wp-content\\\/uploads\\\/2022\\\/01\\\/navigo-wlasny-transport-1.jpg\"},{\"@type\":\"BreadcrumbList\",\"@id\":\"https:\\\/\\\/www.navigo-kajaki.pl\\\/en\\\/own-transport#breadcrumb\",\"itemListElement\":[{\"@type\":\"ListItem\",\"position\":1,\"name\":\"Home\",\"item\":\"https:\\\/\\\/www.navigo-kajaki.pl\\\/en\"},{\"@type\":\"ListItem\",\"position\":2,\"name\":\"Own transport\"}]},{\"@type\":\"WebSite\",\"@id\":\"https:\\\/\\\/www.navigo-kajaki.pl\\\/en#website\",\"url\":\"https:\\\/\\\/www.navigo-kajaki.pl\\\/en\",\"name\":\"Rowery wodne producent kajak\u00f3w \u0142odzi wios\u0142owych | Navigo Kajaki Lipusz\",\"description\":\"\",\"publisher\":{\"@id\":\"https:\\\/\\\/www.navigo-kajaki.pl\\\/en#organization\"},\"potentialAction\":[{\"@type\":\"SearchAction\",\"target\":{\"@type\":\"EntryPoint\",\"urlTemplate\":\"https:\\\/\\\/www.navigo-kajaki.pl\\\/en?s={search_term_string}\"},\"query-input\":{\"@type\":\"PropertyValueSpecification\",\"valueRequired\":true,\"valueName\":\"search_term_string\"}}],\"inLanguage\":\"en-US\"},{\"@type\":\"Organization\",\"@id\":\"https:\\\/\\\/www.navigo-kajaki.pl\\\/en#organization\",\"name\":\"Navigo Kajaki\",\"url\":\"https:\\\/\\\/www.navigo-kajaki.pl\\\/en\",\"logo\":{\"@type\":\"ImageObject\",\"inLanguage\":\"en-US\",\"@id\":\"https:\\\/\\\/www.navigo-kajaki.pl\\\/en#\\\/schema\\\/logo\\\/image\\\/\",\"url\":\"https:\\\/\\\/www.navigo-kajaki.pl\\\/wp-content\\\/uploads\\\/2020\\\/03\\\/logo_318x200.png\",\"contentUrl\":\"https:\\\/\\\/www.navigo-kajaki.pl\\\/wp-content\\\/uploads\\\/2020\\\/03\\\/logo_318x200.png\",\"width\":318,\"height\":200,\"caption\":\"Navigo Kajaki\"},\"image\":{\"@id\":\"https:\\\/\\\/www.navigo-kajaki.pl\\\/en#\\\/schema\\\/logo\\\/image\\\/\"}}]}<\/script>\n<!-- \/ Yoast SEO plugin. -->","yoast_head_json":{"title":"Own transport - Rowery wodne producent kajak\u00f3w \u0142odzi wios\u0142owych | Navigo Kajaki Lipusz","robots":{"index":"index","follow":"follow","max-snippet":"max-snippet:-1","max-image-preview":"max-image-preview:large","max-video-preview":"max-video-preview:-1"},"canonical":"https:\/\/www.navigo-kajaki.pl\/en\/own-transport","og_locale":"en_US","og_type":"article","og_title":"Own transport - Rowery wodne producent kajak\u00f3w \u0142odzi wios\u0142owych | Navigo Kajaki Lipusz","og_url":"https:\/\/www.navigo-kajaki.pl\/en\/own-transport","og_site_name":"Rowery wodne producent kajak\u00f3w \u0142odzi wios\u0142owych | Navigo Kajaki Lipusz","og_image":[{"url":"https:\/\/www.navigo-kajaki.pl\/wp-content\/uploads\/2022\/01\/navigo-wlasny-transport-1.jpg","type":"","width":"","height":""}],"twitter_card":"summary_large_image","schema":{"@context":"https:\/\/schema.org","@graph":[{"@type":"WebPage","@id":"https:\/\/www.navigo-kajaki.pl\/en\/own-transport","url":"https:\/\/www.navigo-kajaki.pl\/en\/own-transport","name":"Own transport - Rowery wodne producent kajak\u00f3w \u0142odzi wios\u0142owych | Navigo Kajaki Lipusz","isPartOf":{"@id":"https:\/\/www.navigo-kajaki.pl\/en#website"},"primaryImageOfPage":{"@id":"https:\/\/www.navigo-kajaki.pl\/en\/own-transport#primaryimage"},"image":{"@id":"https:\/\/www.navigo-kajaki.pl\/en\/own-transport#primaryimage"},"thumbnailUrl":"https:\/\/www.navigo-kajaki.pl\/wp-content\/uploads\/2022\/01\/navigo-wlasny-transport-1.jpg","datePublished":"2026-04-22T10:31:40+00:00","breadcrumb":{"@id":"https:\/\/www.navigo-kajaki.pl\/en\/own-transport#breadcrumb"},"inLanguage":"en-US","potentialAction":[{"@type":"ReadAction","target":["https:\/\/www.navigo-kajaki.pl\/en\/own-transport"]}]},{"@type":"ImageObject","inLanguage":"en-US","@id":"https:\/\/www.navigo-kajaki.pl\/en\/own-transport#primaryimage","url":"https:\/\/www.navigo-kajaki.pl\/wp-content\/uploads\/2022\/01\/navigo-wlasny-transport-1.jpg","contentUrl":"https:\/\/www.navigo-kajaki.pl\/wp-content\/uploads\/2022\/01\/navigo-wlasny-transport-1.jpg"},{"@type":"BreadcrumbList","@id":"https:\/\/www.navigo-kajaki.pl\/en\/own-transport#breadcrumb","itemListElement":[{"@type":"ListItem","position":1,"name":"Home","item":"https:\/\/www.navigo-kajaki.pl\/en"},{"@type":"ListItem","position":2,"name":"Own transport"}]},{"@type":"WebSite","@id":"https:\/\/www.navigo-kajaki.pl\/en#website","url":"https:\/\/www.navigo-kajaki.pl\/en","name":"Rowery wodne producent kajak\u00f3w \u0142odzi wios\u0142owych | Navigo Kajaki Lipusz","description":"","publisher":{"@id":"https:\/\/www.navigo-kajaki.pl\/en#organization"},"potentialAction":[{"@type":"SearchAction","target":{"@type":"EntryPoint","urlTemplate":"https:\/\/www.navigo-kajaki.pl\/en?s={search_term_string}"},"query-input":{"@type":"PropertyValueSpecification","valueRequired":true,"valueName":"search_term_string"}}],"inLanguage":"en-US"},{"@type":"Organization","@id":"https:\/\/www.navigo-kajaki.pl\/en#organization","name":"Navigo Kajaki","url":"https:\/\/www.navigo-kajaki.pl\/en","logo":{"@type":"ImageObject","inLanguage":"en-US","@id":"https:\/\/www.navigo-kajaki.pl\/en#\/schema\/logo\/image\/","url":"https:\/\/www.navigo-kajaki.pl\/wp-content\/uploads\/2020\/03\/logo_318x200.png","contentUrl":"https:\/\/www.navigo-kajaki.pl\/wp-content\/uploads\/2020\/03\/logo_318x200.png","width":318,"height":200,"caption":"Navigo Kajaki"},"image":{"@id":"https:\/\/www.navigo-kajaki.pl\/en#\/schema\/logo\/image\/"}}]}},"_links":{"self":[{"href":"https:\/\/www.navigo-kajaki.pl\/en\/wp-json\/wp\/v2\/pages\/9120","targetHints":{"allow":["GET"]}}],"collection":[{"href":"https:\/\/www.navigo-kajaki.pl\/en\/wp-json\/wp\/v2\/pages"}],"about":[{"href":"https:\/\/www.navigo-kajaki.pl\/en\/wp-json\/wp\/v2\/types\/page"}],"author":[{"embeddable":true,"href":"https:\/\/www.navigo-kajaki.pl\/en\/wp-json\/wp\/v2\/users\/1"}],"replies":[{"embeddable":true,"href":"https:\/\/www.navigo-kajaki.pl\/en\/wp-json\/wp\/v2\/comments?post=9120"}],"version-history":[{"count":0,"href":"https:\/\/www.navigo-kajaki.pl\/en\/wp-json\/wp\/v2\/pages\/9120\/revisions"}],"wp:attachment":[{"href":"https:\/\/www.navigo-kajaki.pl\/en\/wp-json\/wp\/v2\/media?parent=9120"}],"curies":[{"name":"wp","href":"https:\/\/api.w.org\/{rel}","templated":true}]}}